{"id":105,"date":"2019-11-10T07:17:59","date_gmt":"2019-11-10T07:17:59","guid":{"rendered":"https:\/\/mrc.mostaa.skola.edu.mt\/?page_id=105"},"modified":"2025-01-06T14:32:47","modified_gmt":"2025-01-06T14:32:47","slug":"school-council","status":"publish","type":"page","link":"https:\/\/mrc.mostaa.skola.edu.mt\/index.php\/school-council\/","title":{"rendered":"School Council"},"content":{"rendered":"\t\t<div data-elementor-type=\"wp-page\" data-elementor-id=\"105\" class=\"elementor elementor-105\">\n\t\t\t\t\t\t\t\t\t<section class=\"elementor-section elementor-top-section elementor-element elementor-element-4134feef elementor-section-height-min-height elementor-section-content-middle elementor-section-boxed elementor-section-height-default elementor-section-items-middle\" data-id=\"4134feef\" data-element_type=\"section\">\n\t\t\t\t\t\t<div class=\"elementor-container elementor-column-gap-default\">\n\t\t\t\t\t<div class=\"elementor-column elementor-col-50 elementor-top-column elementor-element elementor-element-c7367d2\" data-id=\"c7367d2\" data-element_type=\"column\">\n\t\t\t<div class=\"elementor-widget-wrap elementor-element-populated\">\n\t\t\t\t\t\t\t\t<div class=\"elementor-element elementor-element-5947447b elementor-widget elementor-widget-heading\" data-id=\"5947447b\" data-element_type=\"widget\" data-widget_type=\"heading.default\">\n\t\t\t\t<div class=\"elementor-widget-container\">\n\t\t\t<p class=\"elementor-heading-title elementor-size-default\"><a href=\"https:\/\/mrc.mostaa.skola.edu.mt\/\">Maria Regina College, Carmela Sammut, Mosta Primary A School<\/a><\/p>\t\t<\/div>\n\t\t\t\t<\/div>\n\t\t\t\t\t<\/div>\n\t\t<\/div>\n\t\t\t\t<div class=\"elementor-column elementor-col-50 elementor-top-column elementor-element elementor-element-6762e19f\" data-id=\"6762e19f\" data-element_type=\"column\">\n\t\t\t<div class=\"elementor-widget-wrap elementor-element-populated\">\n\t\t\t\t\t\t\t\t<div class=\"elementor-element elementor-element-493ad894 elementor-shape-circle e-grid-align-right e-grid-align-tablet-right elementor-grid-0 elementor-widget elementor-widget-social-icons\" data-id=\"493ad894\" data-element_type=\"widget\" data-widget_type=\"social-icons.default\">\n\t\t\t\t<div class=\"elementor-widget-container\">\n\t\t\t\t\t<div class=\"elementor-social-icons-wrapper elementor-grid\">\n\t\t\t\t\t\t\t<span class=\"elementor-grid-item\">\n\t\t\t\t\t<a class=\"elementor-icon elementor-social-icon elementor-social-icon-facebook-f elementor-repeater-item-oj9fk8m\" href=\"https:\/\/www.facebook.com\/MostaPrimaryA\/\" target=\"_blank\">\n\t\t\t\t\t\t<span class=\"elementor-screen-only\">Facebook-f<\/span>\n\t\t\t\t\t\t<i class=\"fab fa-facebook-f\"><\/i>\t\t\t\t\t<\/a>\n\t\t\t\t<\/span>\n\t\t\t\t\t\t\t<span class=\"elementor-grid-item\">\n\t\t\t\t\t<a class=\"elementor-icon elementor-social-icon elementor-social-icon-envelope elementor-repeater-item-aq66v58\" href=\"mailto:mrc.mosta.pra@ilearn.edu.mt\" target=\"_blank\">\n\t\t\t\t\t\t<span class=\"elementor-screen-only\">Envelope<\/span>\n\t\t\t\t\t\t<i class=\"fas fa-envelope\"><\/i>\t\t\t\t\t<\/a>\n\t\t\t\t<\/span>\n\t\t\t\t\t<\/div>\n\t\t\t\t<\/div>\n\t\t\t\t<\/div>\n\t\t\t\t\t<\/div>\n\t\t<\/div>\n\t\t\t\t\t\t\t<\/div>\n\t\t<\/section>\n\t\t\t\t<section class=\"elementor-section elementor-top-section elementor-element elementor-element-2454146b elementor-section-height-min-height elementor-section-full_width elementor-section-height-default elementor-section-items-middle\" data-id=\"2454146b\" data-element_type=\"section\" data-settings=\"{&quot;background_background&quot;:&quot;video&quot;,&quot;shape_divider_bottom&quot;:&quot;arrow&quot;,&quot;shape_divider_bottom_negative&quot;:&quot;yes&quot;,&quot;background_video_link&quot;:&quot;https:\\\/\\\/mrc.mostaa.skola.edu.mt\\\/wp-content\\\/uploads\\\/2019\\\/11\\\/Schooll-Councilc.mp4&quot;,&quot;background_play_on_mobile&quot;:&quot;yes&quot;}\">\n\t\t\t\t\t\t\t\t<div class=\"elementor-background-video-container\">\n\t\t\t\t\t\t\t\t\t\t\t\t\t<video class=\"elementor-background-video-hosted elementor-html5-video\" autoplay muted playsinline loop><\/video>\n\t\t\t\t\t\t\t\t\t\t\t<\/div>\n\t\t\t\t\t\t\t\t\t<div class=\"elementor-background-overlay\"><\/div>\n\t\t\t\t\t\t<div class=\"elementor-shape elementor-shape-bottom\" data-negative=\"true\">\n\t\t\t<svg xmlns=\"http:\/\/www.w3.org\/2000\/svg\" viewBox=\"0 0 700 10\" preserveAspectRatio=\"none\">\n\t<path class=\"elementor-shape-fill\" d=\"M360 0L350 9.9 340 0 0 0 0 10 700 10 700 0\"\/>\n<\/svg>\t\t<\/div>\n\t\t\t\t\t<div class=\"elementor-container elementor-column-gap-default\">\n\t\t\t\t\t<div class=\"elementor-column elementor-col-100 elementor-top-column elementor-element elementor-element-1d96374\" data-id=\"1d96374\" data-element_type=\"column\">\n\t\t\t<div class=\"elementor-widget-wrap elementor-element-populated\">\n\t\t\t\t\t\t\t\t\t<\/div>\n\t\t<\/div>\n\t\t\t\t\t\t\t<\/div>\n\t\t<\/section>\n\t\t\t\t<section class=\"elementor-section elementor-top-section elementor-element elementor-element-bcdcdfa elementor-section-boxed elementor-section-height-default elementor-section-height-default\" data-id=\"bcdcdfa\" data-element_type=\"section\">\n\t\t\t\t\t\t<div class=\"elementor-container elementor-column-gap-default\">\n\t\t\t\t\t<div class=\"elementor-column elementor-col-100 elementor-top-column elementor-element elementor-element-fba8bd7\" data-id=\"fba8bd7\" data-element_type=\"column\">\n\t\t\t<div class=\"elementor-widget-wrap\">\n\t\t\t\t\t\t\t\t\t<\/div>\n\t\t<\/div>\n\t\t\t\t\t\t\t<\/div>\n\t\t<\/section>\n\t\t\t\t<section class=\"elementor-section elementor-top-section elementor-element elementor-element-26215586 elementor-section-boxed elementor-section-height-default elementor-section-height-default\" data-id=\"26215586\" data-element_type=\"section\">\n\t\t\t\t\t\t<div class=\"elementor-container elementor-column-gap-default\">\n\t\t\t\t\t<div class=\"elementor-column elementor-col-100 elementor-top-column elementor-element elementor-element-1733c031\" data-id=\"1733c031\" data-element_type=\"column\">\n\t\t\t<div class=\"elementor-widget-wrap elementor-element-populated\">\n\t\t\t\t\t\t\t\t<div class=\"elementor-element elementor-element-5eaf83b elementor-widget elementor-widget-text-editor\" data-id=\"5eaf83b\" data-element_type=\"widget\" data-widget_type=\"text-editor.default\">\n\t\t\t\t<div class=\"elementor-widget-container\">\n\t\t\t\t\t\t\t<p style=\"font-size: 20px; text-align: left;\">The School Council members are elected following an election held amongst parents and teachers.<\/p>\n<p style=\"font-size: 20px;\">The School Council manages the funds to be used for school improvement projects, teaching resources and other projects. The members work to give the best possible education and support for students.<\/p>\n<p style=\"font-size: 20px; text-align: center;\"><img decoding=\"async\" loading=\"lazy\" class=\"aligncenter size-full wp-image-1707\" src=\"https:\/\/mrc.mostaa.skola.edu.mt\/wp-content\/uploads\/2024\/02\/20240226_105818.jpg\" alt=\"\" width=\"2144\" height=\"1532\" srcset=\"https:\/\/mrc.mostaa.skola.edu.mt\/wp-content\/uploads\/2024\/02\/20240226_105818.jpg 2144w, https:\/\/mrc.mostaa.skola.edu.mt\/wp-content\/uploads\/2024\/02\/20240226_105818-300x214.jpg 300w, https:\/\/mrc.mostaa.skola.edu.mt\/wp-content\/uploads\/2024\/02\/20240226_105818-1024x732.jpg 1024w, https:\/\/mrc.mostaa.skola.edu.mt\/wp-content\/uploads\/2024\/02\/20240226_105818-768x549.jpg 768w, https:\/\/mrc.mostaa.skola.edu.mt\/wp-content\/uploads\/2024\/02\/20240226_105818-1536x1098.jpg 1536w, https:\/\/mrc.mostaa.skola.edu.mt\/wp-content\/uploads\/2024\/02\/20240226_105818-2048x1463.jpg 2048w, https:\/\/mrc.mostaa.skola.edu.mt\/wp-content\/uploads\/2024\/02\/20240226_105818-1000x715.jpg 1000w, https:\/\/mrc.mostaa.skola.edu.mt\/wp-content\/uploads\/2024\/02\/20240226_105818-230x164.jpg 230w, https:\/\/mrc.mostaa.skola.edu.mt\/wp-content\/uploads\/2024\/02\/20240226_105818-350x250.jpg 350w, https:\/\/mrc.mostaa.skola.edu.mt\/wp-content\/uploads\/2024\/02\/20240226_105818-480x343.jpg 480w\" sizes=\"(max-width: 2144px) 100vw, 2144px\" \/>&nbsp;<span style=\"text-align: center;\">School Council 2022-2024<\/span><\/p>\n<p>Front row left to right: Anna Bugeja, Pauline Cassar, Antonella Ferrante<\/p>\n<p>Back row left to right: Keziah Fenech, Kristina Catania, Bernard Busuttil, Diane Bugeja Desain<\/p><p>In absentia:&nbsp; Amy Fenech Zarb<\/p>\t\t\t\t\t\t<\/div>\n\t\t\t\t<\/div>\n\t\t\t\t\t<\/div>\n\t\t<\/div>\n\t\t\t\t\t\t\t<\/div>\n\t\t<\/section>\n\t\t\t\t<section class=\"elementor-section elementor-top-section elementor-element elementor-element-0f16bc2 elementor-section-boxed elementor-section-height-default elementor-section-height-default\" data-id=\"0f16bc2\" data-element_type=\"section\">\n\t\t\t\t\t\t<div class=\"elementor-container elementor-column-gap-default\">\n\t\t\t\t\t<div class=\"elementor-column elementor-col-100 elementor-top-column elementor-element elementor-element-1a4f778\" data-id=\"1a4f778\" data-element_type=\"column\">\n\t\t\t<div class=\"elementor-widget-wrap elementor-element-populated\">\n\t\t\t\t\t\t\t\t<div class=\"elementor-element elementor-element-d0b58e7 elementor-widget elementor-widget-text-editor\" data-id=\"d0b58e7\" data-element_type=\"widget\" data-widget_type=\"text-editor.default\">\n\t\t\t\t<div class=\"elementor-widget-container\">\n\t\t\t\t\t\t\t<p>School Council Elections 2025-2026:\u00a0<\/p><p><a href=\"https:\/\/mrc.mostaa.skola.edu.mt\/wp-content\/uploads\/2024\/12\/Guidelines-for-parents_guardians-for-School-Council-Elections-2025-2026.pdf\">Guidelines for parents_guardians for School Council Elections 2025-2026<\/a><\/p><p><a href=\"https:\/\/mrc.mostaa.skola.edu.mt\/wp-content\/uploads\/2024\/12\/Linji-gwida-ghall-genituri_kustodji-ghall-elezzjonijiet-tal-Kunsilli-skolastici-2025-2026.pdf\">Linji gwida g\u0127all-\u0121enituri_kustodji g\u0127all-elezzjonijiet tal-Kunsilli skolasti\u010bi 2025-2026<\/a><\/p><p><a href=\"https:\/\/mrc.mostaa.skola.edu.mt\/wp-content\/uploads\/2024\/12\/Guidelines-for-Educators-School-Council-Elections.pdf\">Guidelines for Educators &#8211; School Council Elections<\/a><\/p><p><a href=\"https:\/\/mrc.mostaa.skola.edu.mt\/wp-content\/uploads\/2024\/12\/Linji-Gwidi-ghall-Edukaturi-Elezzjonijiet-tal-Kunsilli-Skolastici.pdf\">Linji Gwidi g\u0127all-Edukaturi Elezzjonijiet tal-Kunsilli Skolasti\u010bi<\/a><\/p><p>In the attachments above you will find all the necessary information regarding School Council Elections 2025-2026.<\/p><p style=\"margin: 0cm; font-size: 12pt; font-family: Aptos, sans-serif; color: #242424;\"><span style=\"border: 0px; font-style: inherit; font-variant: inherit; font-weight: inherit; font-stretch: inherit; font-size: inherit; line-height: inherit; font-family: 'Calibri Light', sans-serif; font-optical-sizing: inherit; font-size-adjust: inherit; font-kerning: inherit; font-feature-settings: inherit; font-variation-settings: inherit; margin: 0px; padding: 0px; vertical-align: baseline; color: inherit;\" data-olk-copy-source=\"MessageBody\">Educators and Parents\/Guardians can submit their nominations and cast their votes through the following link:\u00a0<\/span><\/p><p style=\"margin: 0cm; font-size: 12pt; font-family: Aptos, sans-serif; color: #242424;\"><span style=\"border: 0px; font-style: inherit; font-variant: inherit; font-weight: inherit; font-stretch: inherit; font-size: inherit; line-height: inherit; font-family: 'Calibri Light', sans-serif; font-optical-sizing: inherit; font-size-adjust: inherit; font-kerning: inherit; font-feature-settings: inherit; font-variation-settings: inherit; margin: 0px; padding: 0px; vertical-align: baseline; color: inherit;\" data-olk-copy-source=\"MessageBody\"><a style=\"border: 0px; font: inherit; margin: 0px; padding: 0px; vertical-align: baseline; color: #467886; text-decoration-line: underline;\" title=\"https:\/\/education.gov.mt\/useful-links\/school-council-elections\/\" href=\"https:\/\/education.gov.mt\/useful-links\/school-council-elections\/\" target=\"_blank\" rel=\"noopener noreferrer\" data-auth=\"NotApplicable\" data-linkindex=\"0\">https:\/\/education.gov.mt\/useful-links\/school-council-elections\/<\/a><\/span><\/p><p>\u00a0<\/p>\t\t\t\t\t\t<\/div>\n\t\t\t\t<\/div>\n\t\t\t\t\t<\/div>\n\t\t<\/div>\n\t\t\t\t\t\t\t<\/div>\n\t\t<\/section>\n\t\t\t\t<section class=\"elementor-section elementor-top-section elementor-element elementor-element-e28d5b2 elementor-section-boxed elementor-section-height-default elementor-section-height-default\" data-id=\"e28d5b2\" data-element_type=\"section\">\n\t\t\t\t\t\t<div class=\"elementor-container elementor-column-gap-default\">\n\t\t\t\t\t<div class=\"elementor-column elementor-col-25 elementor-top-column elementor-element elementor-element-dd67c11\" data-id=\"dd67c11\" data-element_type=\"column\">\n\t\t\t<div class=\"elementor-widget-wrap elementor-element-populated\">\n\t\t\t\t\t\t\t\t<div class=\"elementor-element elementor-element-4b62905 elementor-widget elementor-widget-image\" data-id=\"4b62905\" data-element_type=\"widget\" data-widget_type=\"image.default\">\n\t\t\t\t<div class=\"elementor-widget-container\">\n\t\t\t\t\t\t\t\t\t\t\t\t\t\t\t<img decoding=\"async\" width=\"1024\" height=\"576\" src=\"https:\/\/mrc.mostaa.skola.edu.mt\/wp-content\/uploads\/2025\/01\/3._Parent_Nominations_2025-2026-1024x576.png\" class=\"attachment-large size-large wp-image-2093\" alt=\"\" loading=\"lazy\" srcset=\"https:\/\/mrc.mostaa.skola.edu.mt\/wp-content\/uploads\/2025\/01\/3._Parent_Nominations_2025-2026-1024x576.png 1024w, https:\/\/mrc.mostaa.skola.edu.mt\/wp-content\/uploads\/2025\/01\/3._Parent_Nominations_2025-2026-300x169.png 300w, https:\/\/mrc.mostaa.skola.edu.mt\/wp-content\/uploads\/2025\/01\/3._Parent_Nominations_2025-2026-768x432.png 768w, https:\/\/mrc.mostaa.skola.edu.mt\/wp-content\/uploads\/2025\/01\/3._Parent_Nominations_2025-2026-1536x864.png 1536w, https:\/\/mrc.mostaa.skola.edu.mt\/wp-content\/uploads\/2025\/01\/3._Parent_Nominations_2025-2026-1000x563.png 1000w, https:\/\/mrc.mostaa.skola.edu.mt\/wp-content\/uploads\/2025\/01\/3._Parent_Nominations_2025-2026-230x129.png 230w, https:\/\/mrc.mostaa.skola.edu.mt\/wp-content\/uploads\/2025\/01\/3._Parent_Nominations_2025-2026-350x197.png 350w, https:\/\/mrc.mostaa.skola.edu.mt\/wp-content\/uploads\/2025\/01\/3._Parent_Nominations_2025-2026-480x270.png 480w, https:\/\/mrc.mostaa.skola.edu.mt\/wp-content\/uploads\/2025\/01\/3._Parent_Nominations_2025-2026.png 1920w\" sizes=\"(max-width: 1024px) 100vw, 1024px\" \/>\t\t\t\t\t\t\t\t\t\t\t\t\t\t\t<\/div>\n\t\t\t\t<\/div>\n\t\t\t\t\t<\/div>\n\t\t<\/div>\n\t\t\t\t<div class=\"elementor-column elementor-col-25 elementor-top-column elementor-element elementor-element-6afcbc8\" data-id=\"6afcbc8\" data-element_type=\"column\">\n\t\t\t<div class=\"elementor-widget-wrap elementor-element-populated\">\n\t\t\t\t\t\t\t\t<div class=\"elementor-element elementor-element-8e6b8d4 elementor-widget elementor-widget-image\" data-id=\"8e6b8d4\" data-element_type=\"widget\" data-widget_type=\"image.default\">\n\t\t\t\t<div class=\"elementor-widget-container\">\n\t\t\t\t\t\t\t\t\t\t\t\t\t\t\t<img decoding=\"async\" width=\"1024\" height=\"576\" src=\"https:\/\/mrc.mostaa.skola.edu.mt\/wp-content\/uploads\/2025\/01\/4._Educator_Nominations_2025-2026-1024x576.png\" class=\"attachment-large size-large wp-image-2094\" alt=\"\" loading=\"lazy\" srcset=\"https:\/\/mrc.mostaa.skola.edu.mt\/wp-content\/uploads\/2025\/01\/4._Educator_Nominations_2025-2026-1024x576.png 1024w, https:\/\/mrc.mostaa.skola.edu.mt\/wp-content\/uploads\/2025\/01\/4._Educator_Nominations_2025-2026-300x169.png 300w, https:\/\/mrc.mostaa.skola.edu.mt\/wp-content\/uploads\/2025\/01\/4._Educator_Nominations_2025-2026-768x432.png 768w, https:\/\/mrc.mostaa.skola.edu.mt\/wp-content\/uploads\/2025\/01\/4._Educator_Nominations_2025-2026-1536x864.png 1536w, https:\/\/mrc.mostaa.skola.edu.mt\/wp-content\/uploads\/2025\/01\/4._Educator_Nominations_2025-2026-1000x563.png 1000w, https:\/\/mrc.mostaa.skola.edu.mt\/wp-content\/uploads\/2025\/01\/4._Educator_Nominations_2025-2026-230x129.png 230w, https:\/\/mrc.mostaa.skola.edu.mt\/wp-content\/uploads\/2025\/01\/4._Educator_Nominations_2025-2026-350x197.png 350w, https:\/\/mrc.mostaa.skola.edu.mt\/wp-content\/uploads\/2025\/01\/4._Educator_Nominations_2025-2026-480x270.png 480w, https:\/\/mrc.mostaa.skola.edu.mt\/wp-content\/uploads\/2025\/01\/4._Educator_Nominations_2025-2026.png 1920w\" sizes=\"(max-width: 1024px) 100vw, 1024px\" \/>\t\t\t\t\t\t\t\t\t\t\t\t\t\t\t<\/div>\n\t\t\t\t<\/div>\n\t\t\t\t\t<\/div>\n\t\t<\/div>\n\t\t\t\t<div class=\"elementor-column elementor-col-25 elementor-top-column elementor-element elementor-element-170d15d\" data-id=\"170d15d\" data-element_type=\"column\">\n\t\t\t<div class=\"elementor-widget-wrap elementor-element-populated\">\n\t\t\t\t\t\t\t\t<div class=\"elementor-element elementor-element-c2626f6 elementor-widget elementor-widget-image\" data-id=\"c2626f6\" data-element_type=\"widget\" data-widget_type=\"image.default\">\n\t\t\t\t<div class=\"elementor-widget-container\">\n\t\t\t\t\t\t\t\t\t\t\t\t\t\t\t<img decoding=\"async\" width=\"1024\" height=\"576\" src=\"https:\/\/mrc.mostaa.skola.edu.mt\/wp-content\/uploads\/2025\/01\/2._Educator_Voting_2025-2026-1024x576.png\" class=\"attachment-large size-large wp-image-2092\" alt=\"\" loading=\"lazy\" srcset=\"https:\/\/mrc.mostaa.skola.edu.mt\/wp-content\/uploads\/2025\/01\/2._Educator_Voting_2025-2026-1024x576.png 1024w, https:\/\/mrc.mostaa.skola.edu.mt\/wp-content\/uploads\/2025\/01\/2._Educator_Voting_2025-2026-300x169.png 300w, https:\/\/mrc.mostaa.skola.edu.mt\/wp-content\/uploads\/2025\/01\/2._Educator_Voting_2025-2026-768x432.png 768w, https:\/\/mrc.mostaa.skola.edu.mt\/wp-content\/uploads\/2025\/01\/2._Educator_Voting_2025-2026-1536x864.png 1536w, https:\/\/mrc.mostaa.skola.edu.mt\/wp-content\/uploads\/2025\/01\/2._Educator_Voting_2025-2026-1000x563.png 1000w, https:\/\/mrc.mostaa.skola.edu.mt\/wp-content\/uploads\/2025\/01\/2._Educator_Voting_2025-2026-230x129.png 230w, https:\/\/mrc.mostaa.skola.edu.mt\/wp-content\/uploads\/2025\/01\/2._Educator_Voting_2025-2026-350x197.png 350w, https:\/\/mrc.mostaa.skola.edu.mt\/wp-content\/uploads\/2025\/01\/2._Educator_Voting_2025-2026-480x270.png 480w, https:\/\/mrc.mostaa.skola.edu.mt\/wp-content\/uploads\/2025\/01\/2._Educator_Voting_2025-2026.png 1920w\" sizes=\"(max-width: 1024px) 100vw, 1024px\" \/>\t\t\t\t\t\t\t\t\t\t\t\t\t\t\t<\/div>\n\t\t\t\t<\/div>\n\t\t\t\t\t<\/div>\n\t\t<\/div>\n\t\t\t\t<div class=\"elementor-column elementor-col-25 elementor-top-column elementor-element elementor-element-e393784\" data-id=\"e393784\" data-element_type=\"column\">\n\t\t\t<div class=\"elementor-widget-wrap elementor-element-populated\">\n\t\t\t\t\t\t\t\t<div class=\"elementor-element elementor-element-9646628 elementor-widget elementor-widget-image\" data-id=\"9646628\" data-element_type=\"widget\" data-widget_type=\"image.default\">\n\t\t\t\t<div class=\"elementor-widget-container\">\n\t\t\t\t\t\t\t\t\t\t\t\t\t\t\t<img decoding=\"async\" width=\"1024\" height=\"576\" src=\"https:\/\/mrc.mostaa.skola.edu.mt\/wp-content\/uploads\/2025\/01\/2._Educator_Voting_2025-2026-1024x576.png\" class=\"attachment-large size-large wp-image-2092\" alt=\"\" loading=\"lazy\" srcset=\"https:\/\/mrc.mostaa.skola.edu.mt\/wp-content\/uploads\/2025\/01\/2._Educator_Voting_2025-2026-1024x576.png 1024w, https:\/\/mrc.mostaa.skola.edu.mt\/wp-content\/uploads\/2025\/01\/2._Educator_Voting_2025-2026-300x169.png 300w, https:\/\/mrc.mostaa.skola.edu.mt\/wp-content\/uploads\/2025\/01\/2._Educator_Voting_2025-2026-768x432.png 768w, https:\/\/mrc.mostaa.skola.edu.mt\/wp-content\/uploads\/2025\/01\/2._Educator_Voting_2025-2026-1536x864.png 1536w, https:\/\/mrc.mostaa.skola.edu.mt\/wp-content\/uploads\/2025\/01\/2._Educator_Voting_2025-2026-1000x563.png 1000w, https:\/\/mrc.mostaa.skola.edu.mt\/wp-content\/uploads\/2025\/01\/2._Educator_Voting_2025-2026-230x129.png 230w, https:\/\/mrc.mostaa.skola.edu.mt\/wp-content\/uploads\/2025\/01\/2._Educator_Voting_2025-2026-350x197.png 350w, https:\/\/mrc.mostaa.skola.edu.mt\/wp-content\/uploads\/2025\/01\/2._Educator_Voting_2025-2026-480x270.png 480w, https:\/\/mrc.mostaa.skola.edu.mt\/wp-content\/uploads\/2025\/01\/2._Educator_Voting_2025-2026.png 1920w\" sizes=\"(max-width: 1024px) 100vw, 1024px\" \/>\t\t\t\t\t\t\t\t\t\t\t\t\t\t\t<\/div>\n\t\t\t\t<\/div>\n\t\t\t\t\t<\/div>\n\t\t<\/div>\n\t\t\t\t\t\t\t<\/div>\n\t\t<\/section>\n\t\t\t\t\t\t\t<\/div>\n\t\t","protected":false},"excerpt":{"rendered":"<p>Maria Regina College, Carmela Sammut, Mosta Primary A School Facebook-f Envelope The School Council members are elected following an election held amongst [&hellip;]<\/p>\n","protected":false},"author":2,"featured_media":0,"parent":0,"menu_order":0,"comment_status":"closed","ping_status":"closed","template":"elementor_header_footer","meta":[],"_links":{"self":[{"href":"https:\/\/mrc.mostaa.skola.edu.mt\/index.php\/wp-json\/wp\/v2\/pages\/105"}],"collection":[{"href":"https:\/\/mrc.mostaa.skola.edu.mt\/index.php\/wp-json\/wp\/v2\/pages"}],"about":[{"href":"https:\/\/mrc.mostaa.skola.edu.mt\/index.php\/wp-json\/wp\/v2\/types\/page"}],"author":[{"embeddable":true,"href":"https:\/\/mrc.mostaa.skola.edu.mt\/index.php\/wp-json\/wp\/v2\/users\/2"}],"replies":[{"embeddable":true,"href":"https:\/\/mrc.mostaa.skola.edu.mt\/index.php\/wp-json\/wp\/v2\/comments?post=105"}],"version-history":[{"count":65,"href":"https:\/\/mrc.mostaa.skola.edu.mt\/index.php\/wp-json\/wp\/v2\/pages\/105\/revisions"}],"predecessor-version":[{"id":2097,"href":"https:\/\/mrc.mostaa.skola.edu.mt\/index.php\/wp-json\/wp\/v2\/pages\/105\/revisions\/2097"}],"wp:attachment":[{"href":"https:\/\/mrc.mostaa.skola.edu.mt\/index.php\/wp-json\/wp\/v2\/media?parent=105"}],"curies":[{"name":"wp","href":"https:\/\/api.w.org\/{rel}","templated":true}]}}