{"id":1382,"date":"2022-09-03T05:50:23","date_gmt":"2022-09-03T05:50:23","guid":{"rendered":"https:\/\/mrc.mostaa.skola.edu.mt\/?page_id=1382"},"modified":"2025-09-03T15:12:49","modified_gmt":"2025-09-03T15:12:49","slug":"breakfast-club","status":"publish","type":"page","link":"https:\/\/mrc.mostaa.skola.edu.mt\/index.php\/home-screen\/breakfast-club\/","title":{"rendered":"Breakfast Club"},"content":{"rendered":"<div class=\"m8h3af8h l7ghb35v kjdc1dyq kmwttqpk gh25dzvf n3t5jt4f\">\n<div dir=\"auto\"><img decoding=\"async\" loading=\"lazy\" class=\"size-medium wp-image-1383 alignleft\" src=\"https:\/\/mrc.mostaa.skola.edu.mt\/wp-content\/uploads\/2022\/09\/Breakfast-300x300.jpg\" alt=\"\" width=\"300\" height=\"300\" srcset=\"https:\/\/mrc.mostaa.skola.edu.mt\/wp-content\/uploads\/2022\/09\/Breakfast-300x300.jpg 300w, https:\/\/mrc.mostaa.skola.edu.mt\/wp-content\/uploads\/2022\/09\/Breakfast-150x150.jpg 150w, https:\/\/mrc.mostaa.skola.edu.mt\/wp-content\/uploads\/2022\/09\/Breakfast-230x230.jpg 230w, https:\/\/mrc.mostaa.skola.edu.mt\/wp-content\/uploads\/2022\/09\/Breakfast-350x350.jpg 350w, https:\/\/mrc.mostaa.skola.edu.mt\/wp-content\/uploads\/2022\/09\/Breakfast-480x480.jpg 480w, https:\/\/mrc.mostaa.skola.edu.mt\/wp-content\/uploads\/2022\/09\/Breakfast.jpg 526w\" sizes=\"(max-width: 300px) 100vw, 300px\" \/><\/div>\n<\/div>\n<div class=\"m8h3af8h l7ghb35v kjdc1dyq kmwttqpk gh25dzvf n3t5jt4f\">\n<div dir=\"auto\">Dan is-servizz jag\u0127ti l-opportunit\u00e0 lill-istudenti biex jie\u0127du kolazzjon bnin qabel jibdew l-iskola, kif ukoll jintegraw ma&#8217; studenti o\u0127ra permezz ta&#8217; log\u0127ob u attivitajiet o\u0127ra.<\/div>\n<\/div>\n<div class=\"l7ghb35v kjdc1dyq kmwttqpk gh25dzvf jikcssrz n3t5jt4f\">\n<div dir=\"auto\">Is-servizz tal-Breakfast Club huwa miftu\u0127 g\u0127all-istudenti tal-Primarja li l-\u0121enituri\/kustodji legali tag\u0127hom huma it-tnejn impjegati.<\/div>\n<\/div>\n<div class=\"l7ghb35v kjdc1dyq kmwttqpk gh25dzvf jikcssrz n3t5jt4f\">\n<div dir=\"auto\">Applika <span class=\"fxk3tzhb b2rh1bv3 gh55jysx m8h3af8h ewco64xe kjdc1dyq ms56khn7 bq6c9xl4 eohcrkr5 akh3l2rg\"><img decoding=\"async\" loading=\"lazy\" src=\"https:\/\/static.xx.fbcdn.net\/images\/emoji.php\/v9\/t51\/1\/16\/1f449.png\" alt=\"\ud83d\udc49\" width=\"16\" height=\"16\" \/> <a href=\"https:\/\/www.servizz.gov.mt\/mt\/Pages\/Edukazzjoni_-Xjenza-u-Teknolo_ija\/Servizzi-Edukattivi\/Edukazzjoni-Primarja-u-Sekondarja\/WEB543\/default.aspx?fbclid=IwZXh0bgNhZW0CMTEAAR6tEBzP1-Y0xn1VBzY-cNLqiGf8k18M9aBg80dm14sf2lsixUmxtk3uyLH2ag_aem_BYwNsao13uXL1Qjh3KJVng\" target=\"_blank\" rel=\"noopener\">Breakfast Club<\/a><\/span><\/div>\n<\/div>\n<div class=\"l7ghb35v kjdc1dyq kmwttqpk gh25dzvf jikcssrz n3t5jt4f\">\n<div dir=\"auto\">&#8212;&#8212;&#8212;&#8212;&#8212;&#8212;&#8212;&#8212;&#8212;&#8212;&#8212;&#8212;&#8212;&#8212;&#8212;&#8212;&#8212;&#8212;&#8212;&#8212;-<\/div>\n<\/div>\n<div class=\"l7ghb35v kjdc1dyq kmwttqpk gh25dzvf jikcssrz n3t5jt4f\">\n<div dir=\"auto\"><\/div>\n<div dir=\"auto\">This service gives the opportunity to students to have a healthy breakfast before school commences, as well as interact with other students through play and other activities.<\/div>\n<\/div>\n<div class=\"l7ghb35v kjdc1dyq kmwttqpk gh25dzvf jikcssrz n3t5jt4f\">\n<div dir=\"auto\">The Breakfast Club Service is open for Primary School Students whose parents\/legal guardians are both in employment<\/div>\n<\/div>\n<div class=\"l7ghb35v kjdc1dyq kmwttqpk gh25dzvf jikcssrz n3t5jt4f\">\n<div dir=\"auto\">Apply <span class=\"fxk3tzhb b2rh1bv3 gh55jysx m8h3af8h ewco64xe kjdc1dyq ms56khn7 bq6c9xl4 eohcrkr5 akh3l2rg\"><img decoding=\"async\" loading=\"lazy\" src=\"https:\/\/static.xx.fbcdn.net\/images\/emoji.php\/v9\/t51\/1\/16\/1f449.png\" alt=\"\ud83d\udc49\" width=\"16\" height=\"16\" \/><\/span> <a href=\"https:\/\/www.servizz.gov.mt\/mt\/Pages\/Edukazzjoni_-Xjenza-u-Teknolo_ija\/Servizzi-Edukattivi\/Edukazzjoni-Primarja-u-Sekondarja\/WEB543\/default.aspx?fbclid=IwZXh0bgNhZW0CMTEAAR6tEBzP1-Y0xn1VBzY-cNLqiGf8k18M9aBg80dm14sf2lsixUmxtk3uyLH2ag_aem_BYwNsao13uXL1Qjh3KJVng\" target=\"_blank\" rel=\"noopener\">Breakfast Club<\/a><\/div>\n<\/div>\n","protected":false},"excerpt":{"rendered":"<p>Dan is-servizz jag\u0127ti l-opportunit\u00e0 lill-istudenti biex jie\u0127du kolazzjon bnin qabel jibdew l-iskola, kif ukoll jintegraw ma&#8217; studenti o\u0127ra permezz ta&#8217; log\u0127ob u [&hellip;]<\/p>\n","protected":false},"author":2,"featured_media":0,"parent":9,"menu_order":7,"comment_status":"closed","ping_status":"closed","template":"","meta":[],"_links":{"self":[{"href":"https:\/\/mrc.mostaa.skola.edu.mt\/index.php\/wp-json\/wp\/v2\/pages\/1382"}],"collection":[{"href":"https:\/\/mrc.mostaa.skola.edu.mt\/index.php\/wp-json\/wp\/v2\/pages"}],"about":[{"href":"https:\/\/mrc.mostaa.skola.edu.mt\/index.php\/wp-json\/wp\/v2\/types\/page"}],"author":[{"embeddable":true,"href":"https:\/\/mrc.mostaa.skola.edu.mt\/index.php\/wp-json\/wp\/v2\/users\/2"}],"replies":[{"embeddable":true,"href":"https:\/\/mrc.mostaa.skola.edu.mt\/index.php\/wp-json\/wp\/v2\/comments?post=1382"}],"version-history":[{"count":6,"href":"https:\/\/mrc.mostaa.skola.edu.mt\/index.php\/wp-json\/wp\/v2\/pages\/1382\/revisions"}],"predecessor-version":[{"id":2199,"href":"https:\/\/mrc.mostaa.skola.edu.mt\/index.php\/wp-json\/wp\/v2\/pages\/1382\/revisions\/2199"}],"up":[{"embeddable":true,"href":"https:\/\/mrc.mostaa.skola.edu.mt\/index.php\/wp-json\/wp\/v2\/pages\/9"}],"wp:attachment":[{"href":"https:\/\/mrc.mostaa.skola.edu.mt\/index.php\/wp-json\/wp\/v2\/media?parent=1382"}],"curies":[{"name":"wp","href":"https:\/\/api.w.org\/{rel}","templated":true}]}}